{"id":33,"date":"2020-02-24T10:15:57","date_gmt":"2020-02-24T09:15:57","guid":{"rendered":"http:\/\/s203347534.online.de\/?page_id=33"},"modified":"2026-03-09T17:40:04","modified_gmt":"2026-03-09T16:40:04","slug":"kontakt","status":"publish","type":"page","link":"https:\/\/ensemble-akademie.de\/en\/kontakt\/","title":{"rendered":"Contact"},"content":{"rendered":"\n<h2 class=\"wp-block-heading\"><strong><span style=\"color:#ff0096\" class=\"tadv-color\">How you can reach us<\/span><\/strong><\/h2>\n\n\n\n<p>Baden-W\u00fcrttembergische Ensemble-Akademie Freiburg e.V.<br><br>Marei Roos<br><a href=\"mailto:mail@ensemble-akademie.de\">mail@ensemble-akademie.de<\/a> <br><br>Ensemblehaus<br>Sch\u00fctzenallee 72<br>D &#8211; 79102 Freiburg<br><br><a href=\"http:\/\/www.ensemble-akademie.de\">www.ensemble-akademie.de<\/a><br><a href=\"http:\/\/www.facebook.com\/Ensemble.Akademie\/\">www.facebook.com\/Ensemble.Akademie\/<\/a><\/p>\n\n\n\n<p><\/p>\n\n\n\n<p><\/p>\n\n\n\n<p><strong>DATENSCHUTZERKL\u00c4RUNG<\/strong><\/p>\n\n\n\n<p><strong>Geltungsbereich und Umgang mit personenbezogenen Daten<\/strong><\/p>\n\n\n\n<p>Diese Datenschutzerkl\u00e4rung informiert Nutzer \u00fcber die Verarbeitung personenbezogener Daten bei der Nutzung dieser Website. Die gesetzlichen Regelungen zum Datenschutz gehen aus der europ\u00e4ischen Datenschutzgrundverordnung hervor. Das <a href=\"https:\/\/www.bussgeldkatalog.org\/bdsg\/\">Bundesdatenschutzgesetz<\/a> (BDSG) und das Telemediengesetz (TMG) gelten erg\u00e4nzend.<\/p>\n\n\n\n<p>Verantwortlich f\u00fcr diese Website ist folgender Anbieter:<\/p>\n\n\n\n<p>Baden-W\u00fcrtembergische Ensemble-Akademie Freiburg e.V.<br><em>Sch\u00fctzenallee 72<\/em><br><em>79102 <\/em>Freiburg<br><em>E-Mail<\/em>: mail@ensemble-akademie.de<\/p>\n\n\n\n<p><strong>Personenbezogene Daten<\/strong><\/p>\n\n\n\n<p>Zu den personenbezogenen Daten z\u00e4hlen alle Informationen, die sich auf eine nat\u00fcrliche Person beziehen. Dabei kann es sich zum Beispiel um den Namen, eine Anschrift, ein Geburtsdatum oder eine E-Mail-Adresse handeln. Diese Informationen werden nur gem\u00e4\u00df der gesetzlichen Datenschutzbestimmungen auf der Website erhoben und verarbeitet.<\/p>\n\n\n\n<p><strong>Zugriffsdaten<\/strong><\/p>\n\n\n\n<p>Nutzen Sie diese Website, um sich zu informieren und geben keine Daten an, dann werden nur die Daten verarbeitet, die zur Anzeige der Website auf dem von Ihnen verwendeten Ger\u00e4t erforderlich sind. Das sind insbesondere:<\/p>\n\n\n\n<ul class=\"wp-block-list\">\n<li>IP-Adresse<\/li>\n\n\n\n<li>Zeitpunkt der Anfrage<\/li>\n\n\n\n<li>\u00dcbertragene Datenmenge<\/li>\n\n\n\n<li>Quellseite<\/li>\n\n\n\n<li>verwendeter Browser<\/li>\n\n\n\n<li>Betriebssystem<\/li>\n<\/ul>\n\n\n\n<p>Rechtsgrundlage f\u00fcr die Verarbeitung dieser Daten sind berechtigte Interessen gem\u00e4\u00df Art. 6 Abs. 1 UAbs. 1 Buchstabe f DSGVO, um die Darstellung der Website grunds\u00e4tzlich zu erm\u00f6glichen.<\/p>\n\n\n\n<p>Dar\u00fcber hinaus k\u00f6nnen Sie verschiedene Leistungen auf der Website nutzen, bei der weitere personenbezogene und nicht personenbezogene Daten verarbeitet werden.<\/p>\n\n\n\n<p>Als betroffene Person haben Sie folgende Rechte: die verarbeitet werden (Art. 15 DSGVO)<\/p>\n\n\n\n<ul class=\"wp-block-list\">\n<li>Recht auf Berichtigung der Sie betreffenden Daten, wenn diese unrichtig oder unvollst\u00e4ndig gespeichert werden (Art. 16 DSGVO)<\/li>\n\n\n\n<li>Recht auf L\u00f6schung (Art. 17 DSGVO)<\/li>\n\n\n\n<li>Recht, die Einschr\u00e4nkung der Verarbeitung Ihrer personenbezogenen Daten zu verlangen (Art. 18 DSGVO)<\/li>\n\n\n\n<li>Recht auf Daten\u00fcbertragbarkeit (Art. 20 DSGVO)<\/li>\n\n\n\n<li>Widerspruchsrecht gegen die Verarbeitung Sie betreffender personenbezogener Daten (Art. 21 DSGVO)<\/li>\n\n\n\n<li>Recht nicht einer ausschlie\u00dflich auf einer automatisierten Verarbeitung beruhenden Entscheidung unterworfen zu werden, die Ihnen gegen\u00fcber rechtliche Wirkung entfaltet oder sie in \u00e4hnlicher Weise erheblich beeintr\u00e4chtigt (Art. 22 DSGVO)<\/li>\n\n\n\n<li>Recht, sich bei einem vermuteten Versto\u00df gegen das Datenschutzrecht bei der zust\u00e4ndigen Aufsichtsbeh\u00f6rde zu beschweren (Art. 77 DSGVO)<\/li>\n<\/ul>\n\n\n\n<p><strong>Cookies<\/strong><\/p>\n\n\n\n<p>Beim Besuch der Website k\u00f6nnen Cookies auf Ihrem Ger\u00e4t gespeichert werden. Dabei handelt es sich um kleine Textdateien, die von dem von Ihnen verwendeten Browser gespeichert werden. Cookies dienen dazu, das Internetangebot benutzerfreundlicher zu machen. Mithilfe von Cookies kann beispielsweise das Ger\u00e4t, mit dem diese Website aufgerufen wurde, bei einem erneuten Aufruf erkannt werden. M\u00f6glich ist dies, weil Cookies die IP-Adresse \u00fcbermitteln.<\/p>\n\n\n\n<p>Das Setzen von Cookies k\u00f6nnen Sie durch Einstellungen im Browser einschr\u00e4nken oder verhindern. Das Blockieren kann unter Umst\u00e4nden jedoch dazu f\u00fchren, dass nicht mehr alle Funktionen dieser Website nutzbar sind.<br><\/p>\n\n\n<p><!--EndFragment--><\/p>\n<p>\u00a0<\/p>\n<p>\u00a0<\/p>","protected":false},"excerpt":{"rendered":"<p>How you can reach us Baden-W\u00fcrttembergische Ensemble-Akademie Freiburg e.V. Marei Roosmail@ensemble-akademie.de EnsemblehausSch\u00fctzenallee 72D &#8211; 79102 Freiburg www.ensemble-akademie.dewww.facebook.com\/Ensemble.Akademie\/ DATENSCHUTZERKL\u00c4RUNG Geltungsbereich und Umgang mit personenbezogenen Daten Diese Datenschutzerkl\u00e4rung informiert Nutzer \u00fcber die Verarbeitung personenbezogener Daten bei der Nutzung dieser Website. Die gesetzlichen Regelungen zum Datenschutz gehen aus der europ\u00e4ischen Datenschutzgrundverordnung hervor. Das Bundesdatenschutzgesetz (BDSG) und das Telemediengesetz &hellip; <\/p>\n<p class=\"link-more\"><a href=\"https:\/\/ensemble-akademie.de\/en\/kontakt\/\" class=\"more-link\">Continue reading<span class=\"screen-reader-text\"> &#8220;Contact&#8221;<\/span><\/a><\/p>\n","protected":false},"author":1,"featured_media":0,"parent":0,"menu_order":0,"comment_status":"closed","ping_status":"closed","template":"","meta":{"footnotes":""},"class_list":["post-33","page","type-page","status-publish","hentry"],"translation":{"provider":"WPGlobus","version":"2.5.22","language":"en","enabled_languages":["de","en"],"languages":{"de":{"title":true,"content":true,"excerpt":false},"en":{"title":true,"content":true,"excerpt":false}}},"_links":{"self":[{"href":"https:\/\/ensemble-akademie.de\/en\/wp-json\/wp\/v2\/pages\/33","targetHints":{"allow":["GET"]}}],"collection":[{"href":"https:\/\/ensemble-akademie.de\/en\/wp-json\/wp\/v2\/pages"}],"about":[{"href":"https:\/\/ensemble-akademie.de\/en\/wp-json\/wp\/v2\/types\/page"}],"author":[{"embeddable":true,"href":"https:\/\/ensemble-akademie.de\/en\/wp-json\/wp\/v2\/users\/1"}],"replies":[{"embeddable":true,"href":"https:\/\/ensemble-akademie.de\/en\/wp-json\/wp\/v2\/comments?post=33"}],"version-history":[{"count":21,"href":"https:\/\/ensemble-akademie.de\/en\/wp-json\/wp\/v2\/pages\/33\/revisions"}],"predecessor-version":[{"id":1024,"href":"https:\/\/ensemble-akademie.de\/en\/wp-json\/wp\/v2\/pages\/33\/revisions\/1024"}],"wp:attachment":[{"href":"https:\/\/ensemble-akademie.de\/en\/wp-json\/wp\/v2\/media?parent=33"}],"curies":[{"name":"wp","href":"https:\/\/api.w.org\/{rel}","templated":true}]}}