{"id":4,"date":"2020-01-24T14:03:35","date_gmt":"2020-01-24T14:03:35","guid":{"rendered":"http:\/\/s203347534.online.de\/willkommen-auf-http-s203347534-online-de"},"modified":"2026-03-09T16:39:52","modified_gmt":"2026-03-09T15:39:52","slug":"willkommen-auf-http-s203347534-online-de","status":"publish","type":"page","link":"https:\/\/ensemble-akademie.de\/en\/","title":{"rendered":"Welcome to the website of the Ensemble Academy Freiburg!"},"content":{"rendered":"\n<p class=\"has-text-align-right has-medium-font-size\"><span style=\"color:#ff0096\" class=\"tadv-color\">The Ensemble Academy cultivates curiosity<br>The Ensemble Academy teaches old &amp; new music<br>The Ensemble Academy connects worlds<\/span><\/p>\n\n\n\n<p><\/p>\n\n\n\n<p><strong><span style=\"color:#ff0096\" class=\"tadv-color\">News<\/span><\/strong><\/p>\n\n\n\n<div class=\"wp-block-group is-nowrap is-layout-flex wp-container-core-group-is-layout-ad2f72ca wp-block-group-is-layout-flex\">\n<p><strong>Ensemble Academy 2026<\/strong><\/p>\n\n\n\n<p><\/p>\n\n\n\n<p><\/p>\n<\/div>\n\n\n\n<p>The Ensemble Academy 2026 will probably take place from 9-13 September 2025. Further information on the Academy and the application will be published here in early 2026.<\/p>\n\n\n\n<p><\/p>\n\n\n\n<p><strong>Schlag6! im Ensemblehaus<\/strong><\/p>\n\n\n\n<p>Under the title \u2018Schlag 6\u2019, members of both ensembles will perform as soloists or in small or large formations in an entertaining musical evening with a surprise programme without an intermission. Which of the two ensembles will perform the evening and with which programme will not be revealed in advance. Let us surprise you!<\/p>\n\n\n\n<p>Start 6 p.m. | Surprise programme without interval | Pay after<\/p>\n\n\n\n<p><strong>So far, the dates for the concerts of the 2025\/26 season are as follows:<\/strong><\/p>\n\n\n\n<p><\/p>\n\n\n\n<ol class=\"wp-block-list\">\n<p>1. Oktober<\/p>\n<\/ol>\n\n\n\n<p>18. November<\/p>\n\n\n\n<p>17. December<\/p>\n\n\n\n<p>9. January &#8211; <\/p>\n\n\n\n<p>9. January &#8211; CANCELLED<\/p>\n\n\n\n<p>21. January<\/p>\n\n\n\n<p>3. March<\/p>\n\n\n\n<p>4. May<\/p>\n\n\n\n<p><br><strong><strong><br><\/strong><\/strong><\/p>\n\n\n\n<p><\/p>\n\n\n\n<h2 class=\"wp-block-heading\"><strong><span style=\"color:#ff0096\" class=\"tadv-color\">Baden-W\u00fcrttembergische  Ensemble-Akademie<\/span><\/strong><\/h2>\n\n\n\n<p>Die Ensemble-Akademie ist eine gemeinsame Institution der beiden international renommierten und spezialisierten Klangk\u00f6rper des <a rel=\"noreferrer noopener\" href=\"https:\/\/www.ensemble-recherche.de\/start\/\" target=\"_blank\"><em>ensemble recherche<\/em><\/a> und des <em><a rel=\"noreferrer noopener\" href=\"https:\/\/www.barockorchester.de\/\" target=\"_blank\">Freiburger Barockorchester<\/a><\/em>.<\/p>\n\n\n\n<div class=\"wp-block-group\"><div class=\"wp-block-group__inner-container is-layout-flow wp-block-group-is-layout-flow\">\n<figure class=\"wp-block-gallery has-nested-images columns-default is-cropped wp-block-gallery-1 is-layout-flex wp-block-gallery-is-layout-flex\">\n<figure class=\"wp-block-image size-large\"><img loading=\"lazy\" decoding=\"async\" width=\"1024\" height=\"576\" data-id=\"525\" src=\"https:\/\/ensemble-akademie.de\/wp-content\/uploads\/2020\/05\/ensemble_recherche_Fotograf_Marc_Doradzillo-1-1024x576.jpg\" alt=\"\" class=\"wp-image-525\" srcset=\"https:\/\/ensemble-akademie.de\/wp-content\/uploads\/2020\/05\/ensemble_recherche_Fotograf_Marc_Doradzillo-1-1024x576.jpg 1024w, https:\/\/ensemble-akademie.de\/wp-content\/uploads\/2020\/05\/ensemble_recherche_Fotograf_Marc_Doradzillo-1-300x169.jpg 300w, https:\/\/ensemble-akademie.de\/wp-content\/uploads\/2020\/05\/ensemble_recherche_Fotograf_Marc_Doradzillo-1-768x432.jpg 768w, https:\/\/ensemble-akademie.de\/wp-content\/uploads\/2020\/05\/ensemble_recherche_Fotograf_Marc_Doradzillo-1-1536x864.jpg 1536w, https:\/\/ensemble-akademie.de\/wp-content\/uploads\/2020\/05\/ensemble_recherche_Fotograf_Marc_Doradzillo-1-2048x1152.jpg 2048w\" sizes=\"auto, (max-width: 767px) 89vw, (max-width: 1000px) 54vw, (max-width: 1071px) 543px, 580px\" \/><\/figure>\n\n\n\n<figure class=\"wp-block-image size-large\"><img loading=\"lazy\" decoding=\"async\" width=\"1024\" height=\"576\" data-id=\"526\" src=\"https:\/\/ensemble-akademie.de\/wp-content\/uploads\/2020\/05\/fbo-1-1024x576.jpg\" alt=\"\" class=\"wp-image-526\" srcset=\"https:\/\/ensemble-akademie.de\/wp-content\/uploads\/2020\/05\/fbo-1-1024x576.jpg 1024w, https:\/\/ensemble-akademie.de\/wp-content\/uploads\/2020\/05\/fbo-1-300x169.jpg 300w, https:\/\/ensemble-akademie.de\/wp-content\/uploads\/2020\/05\/fbo-1-768x432.jpg 768w, https:\/\/ensemble-akademie.de\/wp-content\/uploads\/2020\/05\/fbo-1-1536x864.jpg 1536w, https:\/\/ensemble-akademie.de\/wp-content\/uploads\/2020\/05\/fbo-1.jpg 1920w\" sizes=\"auto, (max-width: 767px) 89vw, (max-width: 1000px) 54vw, (max-width: 1071px) 543px, 580px\" \/><\/figure>\n<\/figure>\n<\/div><\/div>\n\n\n\n<p>Ziel der Akademie ist es, die Schwerpunkte der beiden Ensembles in \u00e4lterer und neuerer Musik miteinander zu verbinden und damit ein Forum des Austauschs zu sein. Zentraler Bestandteil der Ensemble-Akademie ist die <a href=\"http:\/\/ensemble-akademie.de\/akademie-woche\/\">Akademie-Woche<\/a> zur Auff\u00fchrungspraxis \u00e4lterer und neuerer Musik, die seit 2004 j\u00e4hrlich w\u00e4hrend einer Woche im September stattfindet.<\/p>\n\n\n\n<div class=\"wp-block-group\"><div class=\"wp-block-group__inner-container is-layout-flow wp-block-group-is-layout-flow\">\n<div class=\"wp-block-group\"><div class=\"wp-block-group__inner-container is-layout-flow wp-block-group-is-layout-flow\"><div class=\"wp-block-image\">\n<figure class=\"aligncenter size-large\"><img loading=\"lazy\" decoding=\"async\" width=\"1024\" height=\"577\" src=\"http:\/\/ensemble-akademie.de\/wp-content\/uploads\/2020\/05\/geschnitten_ensemble-1-1024x577.jpg\" alt=\"\" class=\"wp-image-542\" srcset=\"https:\/\/ensemble-akademie.de\/wp-content\/uploads\/2020\/05\/geschnitten_ensemble-1-1024x577.jpg 1024w, https:\/\/ensemble-akademie.de\/wp-content\/uploads\/2020\/05\/geschnitten_ensemble-1-300x169.jpg 300w, https:\/\/ensemble-akademie.de\/wp-content\/uploads\/2020\/05\/geschnitten_ensemble-1-768x433.jpg 768w, https:\/\/ensemble-akademie.de\/wp-content\/uploads\/2020\/05\/geschnitten_ensemble-1-1536x865.jpg 1536w, https:\/\/ensemble-akademie.de\/wp-content\/uploads\/2020\/05\/geschnitten_ensemble-1-2048x1154.jpg 2048w\" sizes=\"auto, (max-width: 767px) 89vw, (max-width: 1000px) 54vw, (max-width: 1071px) 543px, 580px\" \/><\/figure>\n<\/div>\n\n<div class=\"wp-block-image\">\n<figure class=\"aligncenter size-large\"><img loading=\"lazy\" decoding=\"async\" width=\"1024\" height=\"577\" src=\"http:\/\/ensemble-akademie.de\/wp-content\/uploads\/2020\/05\/geschnitten_klaus-1-1024x577.jpg\" alt=\"\" class=\"wp-image-543\" srcset=\"https:\/\/ensemble-akademie.de\/wp-content\/uploads\/2020\/05\/geschnitten_klaus-1-1024x577.jpg 1024w, https:\/\/ensemble-akademie.de\/wp-content\/uploads\/2020\/05\/geschnitten_klaus-1-300x169.jpg 300w, https:\/\/ensemble-akademie.de\/wp-content\/uploads\/2020\/05\/geschnitten_klaus-1-768x433.jpg 768w, https:\/\/ensemble-akademie.de\/wp-content\/uploads\/2020\/05\/geschnitten_klaus-1-1536x865.jpg 1536w, https:\/\/ensemble-akademie.de\/wp-content\/uploads\/2020\/05\/geschnitten_klaus-1-2048x1154.jpg 2048w\" sizes=\"auto, (max-width: 767px) 89vw, (max-width: 1000px) 54vw, (max-width: 1071px) 543px, 580px\" \/><\/figure>\n<\/div><\/div><\/div>\n<\/div><\/div>\n","protected":false},"excerpt":{"rendered":"<p>The Ensemble Academy cultivates curiosityThe Ensemble Academy teaches old &amp; new musicThe Ensemble Academy connects worlds News Ensemble Academy 2026 The Ensemble Academy 2026 will probably take place from 9-13 September 2025. Further information on the Academy and the application will be published here in early 2026. Schlag6! im Ensemblehaus Under the title \u2018Schlag 6\u2019, &hellip; <\/p>\n<p class=\"link-more\"><a href=\"https:\/\/ensemble-akademie.de\/en\/\" class=\"more-link\">Continue reading<span class=\"screen-reader-text\"> &#8220;Welcome to the website of the Ensemble Academy Freiburg!&#8221;<\/span><\/a><\/p>\n","protected":false},"author":1,"featured_media":0,"parent":0,"menu_order":0,"comment_status":"closed","ping_status":"open","template":"","meta":{"footnotes":""},"class_list":["post-4","page","type-page","status-publish","hentry"],"translation":{"provider":"WPGlobus","version":"2.5.22","language":"en","enabled_languages":["de","en"],"languages":{"de":{"title":true,"content":true,"excerpt":false},"en":{"title":true,"content":true,"excerpt":false}}},"_links":{"self":[{"href":"https:\/\/ensemble-akademie.de\/en\/wp-json\/wp\/v2\/pages\/4","targetHints":{"allow":["GET"]}}],"collection":[{"href":"https:\/\/ensemble-akademie.de\/en\/wp-json\/wp\/v2\/pages"}],"about":[{"href":"https:\/\/ensemble-akademie.de\/en\/wp-json\/wp\/v2\/types\/page"}],"author":[{"embeddable":true,"href":"https:\/\/ensemble-akademie.de\/en\/wp-json\/wp\/v2\/users\/1"}],"replies":[{"embeddable":true,"href":"https:\/\/ensemble-akademie.de\/en\/wp-json\/wp\/v2\/comments?post=4"}],"version-history":[{"count":169,"href":"https:\/\/ensemble-akademie.de\/en\/wp-json\/wp\/v2\/pages\/4\/revisions"}],"predecessor-version":[{"id":1021,"href":"https:\/\/ensemble-akademie.de\/en\/wp-json\/wp\/v2\/pages\/4\/revisions\/1021"}],"wp:attachment":[{"href":"https:\/\/ensemble-akademie.de\/en\/wp-json\/wp\/v2\/media?parent=4"}],"curies":[{"name":"wp","href":"https:\/\/api.w.org\/{rel}","templated":true}]}}